{"id":54,"date":"2019-11-17T14:29:07","date_gmt":"2019-11-17T13:29:07","guid":{"rendered":"http:\/\/www.pension-ehn.at\/?page_id=54"},"modified":"2026-01-27T15:30:51","modified_gmt":"2026-01-27T14:30:51","slug":"mittendrin-dorfpension-zum-ehn-2","status":"publish","type":"page","link":"https:\/\/www.pension-ehn.at\/","title":{"rendered":"Herzlich willkommen"},"content":{"rendered":"<p>Unsere Dorfpension in dem ruhig gelegenen \u00d6rtchen Langensch\u00f6nbichl wird als Familienbetrieb gef\u00fchrt.<\/p><p>Wir m\u00f6chten Sie in unseren mit Liebe neu gestalteten Zimmern gerne herzlich begr\u00fc\u00dfen.<\/p><p>Die Pension liegt direkt am \u201eDonauradweg Passau-Wien\u201c.<\/p><p>Verbringen Sie ein paar ruhige und erholsame Tage in unserer Pension und machen Sie Ausfl\u00fcge nach Tulln, z,B. Die Garten Tulln oder nach Wien. Mit dem Bus sind sie in wenigen Minuten in Tulln und von dort mit dem Zug nach Wien.<\/p><p>Wir sind auch ein guter Ausgangspunkt f\u00fcr den Schubertradweg , Wagramradweg oder der Gro\u00dfe Tulln Radweg.<\/p><p>Nahe der Messestadt Tulln sind nat\u00fcrlich auch Messebesucher oder Aussteller gerne bei uns gesehen!<\/p><p>Wir bieten Ihnen ein reichhaltiges Fr\u00fchst\u00fcck.<\/p><p>Am Abend k\u00f6nnen Sie gerne in unserem 20 Meter entfernten Gasthaus, das ebenfalls zu unserem Familienbetrieb geh\u00f6rt, Essen gehen.<\/p><h2 class=\"wp-block-heading\">KONTAKT:<\/h2><p>Sylvia Ehn<\/p><p>Hauptstrasse 39<br>3442 Langensch\u00f6nbichl<br><a href=\"tel:+43 660 2731616\">T: +43 660 2731616<\/a><br>W:&nbsp;<a href=\"http:\/\/www.pension-ehn.at\">http:\/\/pension-ehn.at<\/a><br>E: &nbsp;<a href=\"mailto:mahlzeit@gasthaus-ehn.at?subject=Nachricht%20via%20Pension-Ehn%20Website\">mahlzeit[at]gasthaus-ehn.at<\/a><\/p><h2 class=\"wp-block-heading\">Zimmer + Preise:<\/h2><p><strong>Doppelzimmer <\/strong>(bei 2er Belegung) pro Zimmer, pro Nacht, inklusive Fr\u00fchst\u00fcck<\/p><p>\u20ac 91,&#8211;<\/p><p>inklusive Ortstaxe \u20ac 2,60\/ Person\/ Nacht<br><\/p><p><strong>Einzelzimmer<\/strong>: Einzelbettbelegung im Doppelzimmer, pro Nacht, inklusive Fr\u00fchst\u00fcck<\/p><p>\u20ac 53,&#8211; <\/p><p>Inklusive Ortstaxe \u20ac 2,60\/Person\/Nacht<\/p><p><br>Kinder: <\/p><p>Kinder v.0-6 Jahren im Bett der Eltern gratis, <\/p><p>Kinder v. 6-14 Jahren \u20ac33,&#8211; pro Nacht, inklusive Fr\u00fchst\u00fcck zuz\u00fcglich Ortstaxe \u20ac 2,60<br><br><br>Familienzimmer auf Anfrage <br>Zimmer ohne Fr\u00fchst\u00fcck auf Anfrage<br>Zimmer mit Halbpension auf Anfrage<\/p><p>Zimmer f\u00fcr Montagearbeiter auf Anfrage<\/p><p><\/p><p><\/p><figure id=\"tablepress-26\" class=\"wp-block-table\"><table><thead><tr><th>STORNIERUNGSDATUM<\/th><th>KOSTEN<\/th><\/tr><\/thead><tbody><tr><td><\/td><td><\/td><\/tr><tr><td>Stornierung bis 7 Tage vor Anreise<\/td><td>Kostenlos<\/td><\/tr><tr><td>Stornierung 7 bis 1 Tag vor Anreise<\/td><td>90 Prozent<\/td><\/tr><tr><td>Stornierung am Anreisetag oder Nichtanreise<\/td><td>100 Prozent<\/td><\/tr><tr><td><\/td><td><\/td><\/tr><\/tbody><tfoot><tr><th><\/th><th><\/th><\/tr><\/tfoot><\/table><\/figure><h2 class=\"wp-block-heading\">Lage und Anreise<\/h2><iframe loading=\"lazy\" src=\"https:\/\/www.google.com\/maps\/embed?pb=!1m18!1m12!1m3!1d2652.6144650197957!2d15.97956505080311!3d48.329493479137234!2m3!1f0!2f0!3f0!3m2!1i1024!2i768!4f13.1!3m3!1m2!1s0x476d70d357a5bef9%3A0x6dc0fffaef680341!2sHauptstra%C3%9Fe%2033%2C%203442%20Langensch%C3%B6nbichl!5e0!3m2!1sde!2sat!4v1574346498128!5m2!1sde!2sat\" style=\"border:0;\" allowfullscreen=\"\" width=\"600\" height=\"450\" frameborder=\"0\"><\/iframe><p><\/p>","protected":false},"excerpt":{"rendered":"<p>Unsere Dorfpension in dem ruhig gelegenen \u00d6rtchen Langensch\u00f6nbichl wird als Familienbetrieb gef\u00fchrt. Wir m\u00f6chten Sie in unseren mit Liebe neu gestalteten Zimmern gerne herzlich begr\u00fc\u00dfen. Die Pension liegt direkt am \u201eDonauradweg Passau-Wien\u201c. Verbringen Sie ein paar ruhige und erholsame Tage in unserer Pension und machen Sie Ausfl\u00fcge nach Tulln, z,B. Die Garten Tulln oder nach &hellip; <\/p>\n<p class=\"link-more\"><a href=\"https:\/\/www.pension-ehn.at\/\" class=\"more-link\"><span class=\"screen-reader-text\">\u201eHerzlich willkommen\u201c<\/span> weiterlesen<\/a><\/p>\n","protected":false},"author":1,"featured_media":0,"parent":0,"menu_order":-1,"comment_status":"closed","ping_status":"closed","template":"","meta":{"inline_featured_image":false,"ngg_post_thumbnail":0,"footnotes":""},"class_list":["post-54","page","type-page","status-publish","hentry"],"jetpack_sharing_enabled":true,"_links":{"self":[{"href":"https:\/\/www.pension-ehn.at\/index.php\/wp-json\/wp\/v2\/pages\/54","targetHints":{"allow":["GET"]}}],"collection":[{"href":"https:\/\/www.pension-ehn.at\/index.php\/wp-json\/wp\/v2\/pages"}],"about":[{"href":"https:\/\/www.pension-ehn.at\/index.php\/wp-json\/wp\/v2\/types\/page"}],"author":[{"embeddable":true,"href":"https:\/\/www.pension-ehn.at\/index.php\/wp-json\/wp\/v2\/users\/1"}],"replies":[{"embeddable":true,"href":"https:\/\/www.pension-ehn.at\/index.php\/wp-json\/wp\/v2\/comments?post=54"}],"version-history":[{"count":38,"href":"https:\/\/www.pension-ehn.at\/index.php\/wp-json\/wp\/v2\/pages\/54\/revisions"}],"predecessor-version":[{"id":45944,"href":"https:\/\/www.pension-ehn.at\/index.php\/wp-json\/wp\/v2\/pages\/54\/revisions\/45944"}],"wp:attachment":[{"href":"https:\/\/www.pension-ehn.at\/index.php\/wp-json\/wp\/v2\/media?parent=54"}],"curies":[{"name":"wp","href":"https:\/\/api.w.org\/{rel}","templated":true}]}}